{"id":10202,"date":"2026-01-12T13:37:29","date_gmt":"2026-01-12T18:37:29","guid":{"rendered":"https:\/\/beyondhealthlab.com\/carrito\/"},"modified":"2026-02-20T09:37:22","modified_gmt":"2026-02-20T14:37:22","slug":"carrito","status":"publish","type":"page","link":"https:\/\/beyondhealthlab.com\/es\/carrito\/","title":{"rendered":"Carrito"},"content":{"rendered":"\n<div data-block-name=\"woocommerce\/cart\" class=\"wp-block-woocommerce-cart alignwide is-loading\">\n<div data-block-name=\"woocommerce\/filled-cart-block\" class=\"wp-block-woocommerce-filled-cart-block\">\n<div data-block-name=\"woocommerce\/cart-items-block\" class=\"wp-block-woocommerce-cart-items-block\">\n<div data-block-name=\"woocommerce\/cart-line-items-block\" data-translated-with-w-p-m-l-t-m=\"1\" class=\"wp-block-woocommerce-cart-line-items-block\"\/>\n\n\n\n<div data-block-name=\"woocommerce\/cart-cross-sells-block\" class=\"wp-block-woocommerce-cart-cross-sells-block\">\n<h2 class=\"wp-block-heading has-large-font-size\">Tal vez te interese&#8230;<\/h2>\n\n\n\n<div data-block-name=\"woocommerce\/cart-cross-sells-products-block\" data-translated-with-w-p-m-l-t-m=\"1\" class=\"wp-block-woocommerce-cart-cross-sells-products-block\"\/>\n<\/div>\n<\/div>\n\n\n\n<div data-block-name=\"woocommerce\/cart-totals-block\" class=\"wp-block-woocommerce-cart-totals-block\">\n<div data-block-name=\"woocommerce\/cart-order-summary-block\" class=\"wp-block-woocommerce-cart-order-summary-block\">\n\t\t\t<div data-block-name=\"woocommerce\/cart-order-summary-heading-block\" class=\"wp-block-woocommerce-cart-order-summary-heading-block\"><\/div>\n\t\t\t<div data-block-name=\"woocommerce\/cart-order-summary-subtotal-block\" class=\"wp-block-woocommerce-cart-order-summary-subtotal-block\"><\/div>\n\t\t\t<div data-block-name=\"woocommerce\/cart-order-summary-fee-block\" class=\"wp-block-woocommerce-cart-order-summary-fee-block\"><\/div>\n\t\t\t<div data-block-name=\"woocommerce\/cart-order-summary-discount-block\" class=\"wp-block-woocommerce-cart-order-summary-discount-block\"><\/div>\n\t\t\t<div data-block-name=\"woocommerce\/cart-order-summary-coupon-form-block\" class=\"wp-block-woocommerce-cart-order-summary-coupon-form-block\"><\/div>\n\t\t\t<div data-block-name=\"woocommerce\/cart-order-summary-shipping-form-block\" class=\"wp-block-woocommerce-cart-order-summary-shipping-block\"><\/div>\n\t\t\t<div data-block-name=\"woocommerce\/cart-order-summary-taxes-block\" class=\"wp-block-woocommerce-cart-order-summary-taxes-block\"><\/div>\n\t\t\n<div data-block-name=\"woocommerce\/cart-order-summary-heading-block\" class=\"wp-block-woocommerce-cart-order-summary-heading-block\"><\/div><div data-block-name=\"woocommerce\/cart-order-summary-coupon-form-block\" data-translated-with-w-p-m-l-t-m=\"1\" class=\"wp-block-woocommerce-cart-order-summary-coupon-form-block\"\/>\n\n\n\n<div data-block-name=\"woocommerce\/cart-express-payment-block\" data-translated-with-w-p-m-l-t-m=\"1\" class=\"wp-block-woocommerce-cart-express-payment-block\"\/>\n\n\n\n<div data-block-name=\"woocommerce\/proceed-to-checkout-block\" class=\"wp-block-woocommerce-proceed-to-checkout-block\"><\/div>\n\n\n\n<div data-block-name=\"woocommerce\/cart-accepted-payment-methods-block\" data-translated-with-w-p-m-l-t-m=\"1\" class=\"wp-block-woocommerce-cart-accepted-payment-methods-block\"\/>\n<\/div>\n<\/div>\n\n\n\n<div data-block-name=\"woocommerce\/empty-cart-block\" class=\"wp-block-woocommerce-empty-cart-block\">\n<h2 class=\"wp-block-heading has-text-align-center with-empty-cart-icon wc-block-cart__empty-cart__title\">\u00a1Tu carrito est\u00e1 vac\u00edo!<\/h2>\n\n\n\n<hr class=\"wp-block-separator has-alpha-channel-opacity is-style-dots\"\/>\n\n\n\n<h2 class=\"wp-block-heading has-text-align-center\">Novedades en la tienda<\/h2>\n\n\n<div data-block-name=\"woocommerce\/product-new\" data-columns=\"4\" data-rows=\"1\" class=\"wc-block-grid wp-block-product-new wp-block-woocommerce-product-new wc-block-product-new has-4-columns\"><ul class=\"wc-block-grid__products\"><li class=\"wc-block-grid__product\">\n\t\t\t\t<a href=\"https:\/\/beyondhealthlab.com\/es\/producto\/reinicio-de-sueno\/\" class=\"wc-block-grid__product-link\">\n\t\t\t\t\t<div class=\"wc-block-grid__product-onsale\">\n\t\t\t<span aria-hidden=\"true\">Oferta<\/span>\n\t\t\t<span class=\"screen-reader-text\">Producto en oferta<\/span>\n\t\t<\/div>\n\t\t\t\t\t<div class=\"wc-block-grid__product-image\"><img decoding=\"async\" width=\"300\" height=\"300\" src=\"https:\/\/beyondhealthlab.com\/wp-content\/uploads\/2026\/03\/peptide-vial-test-52-300x300.png\" class=\"attachment-woocommerce_thumbnail size-woocommerce_thumbnail\" alt=\"Reinicio de Sue\u00f1o\" srcset=\"https:\/\/beyondhealthlab.com\/wp-content\/uploads\/2026\/03\/peptide-vial-test-52-300x300.png 300w, https:\/\/beyondhealthlab.com\/wp-content\/uploads\/2026\/03\/peptide-vial-test-52-150x150.png 150w\" sizes=\"(max-width: 300px) 100vw, 300px\" title=\"\"><\/div>\n\t\t\t\t\t<div class=\"wc-block-grid__product-title\">Reinicio de Sue\u00f1o<\/div>\n\t\t\t\t<\/a>\n\t\t\t\t<div class=\"wc-block-grid__product-price price\"><del aria-hidden=\"true\"><span class=\"woocommerce-Price-amount amount\"><span class=\"woocommerce-Price-currencySymbol\">&#036;<\/span>100.00<\/span><\/del> <span class=\"screen-reader-text\">Original price was: &#036;100.00.<\/span><ins aria-hidden=\"true\"><span class=\"woocommerce-Price-amount amount\"><span class=\"woocommerce-Price-currencySymbol\">&#036;<\/span>90.00<\/span><\/ins><span class=\"screen-reader-text\">Current price is: &#036;90.00.<\/span><\/div>\n\t\t\t\t\n\t\t\t\t<div class=\"wp-block-button wc-block-grid__product-add-to-cart\"><a href=\"\/es\/wp-json\/wp\/v2\/pages\/10202?add-to-cart=12677\" aria-label=\"Add to cart: &ldquo;Reinicio de Sue\u00f1o&rdquo;\" data-quantity=\"1\" data-product_id=\"12677\" data-product_sku=\"STK-SLEEP\" data-price=\"90\" rel=\"nofollow\" class=\"wp-block-button__link  add_to_cart_button ajax_add_to_cart\">A\u00f1adir al carrito<\/a><\/div>\n\t\t\t<\/li><li class=\"wc-block-grid__product\">\n\t\t\t\t<a href=\"https:\/\/beyondhealthlab.com\/es\/producto\/protocolo-de-reparacion-intestinal\/\" class=\"wc-block-grid__product-link\">\n\t\t\t\t\t<div class=\"wc-block-grid__product-onsale\">\n\t\t\t<span aria-hidden=\"true\">Oferta<\/span>\n\t\t\t<span class=\"screen-reader-text\">Producto en oferta<\/span>\n\t\t<\/div>\n\t\t\t\t\t<div class=\"wc-block-grid__product-image\"><img decoding=\"async\" width=\"300\" height=\"300\" src=\"https:\/\/beyondhealthlab.com\/wp-content\/uploads\/2026\/03\/peptide-vial-test-50-300x300.png\" class=\"attachment-woocommerce_thumbnail size-woocommerce_thumbnail\" alt=\"Protocolo de Reparaci\u00f3n Intestinal\" srcset=\"https:\/\/beyondhealthlab.com\/wp-content\/uploads\/2026\/03\/peptide-vial-test-50-300x300.png 300w, https:\/\/beyondhealthlab.com\/wp-content\/uploads\/2026\/03\/peptide-vial-test-50-150x150.png 150w\" sizes=\"(max-width: 300px) 100vw, 300px\" title=\"\"><\/div>\n\t\t\t\t\t<div class=\"wc-block-grid__product-title\">Protocolo de Reparaci\u00f3n Intestinal<\/div>\n\t\t\t\t<\/a>\n\t\t\t\t<div class=\"wc-block-grid__product-price price\"><del aria-hidden=\"true\"><span class=\"woocommerce-Price-amount amount\"><span class=\"woocommerce-Price-currencySymbol\">&#036;<\/span>200.00<\/span><\/del> <span class=\"screen-reader-text\">Original price was: &#036;200.00.<\/span><ins aria-hidden=\"true\"><span class=\"woocommerce-Price-amount amount\"><span class=\"woocommerce-Price-currencySymbol\">&#036;<\/span>180.00<\/span><\/ins><span class=\"screen-reader-text\">Current price is: &#036;180.00.<\/span><\/div>\n\t\t\t\t\n\t\t\t\t<div class=\"wp-block-button wc-block-grid__product-add-to-cart\"><a href=\"\/es\/wp-json\/wp\/v2\/pages\/10202?add-to-cart=12673\" aria-label=\"Add to cart: &ldquo;Protocolo de Reparaci\u00f3n Intestinal&rdquo;\" data-quantity=\"1\" data-product_id=\"12673\" data-product_sku=\"STK-GUTREP\" data-price=\"180\" rel=\"nofollow\" class=\"wp-block-button__link  add_to_cart_button ajax_add_to_cart\">A\u00f1adir al carrito<\/a><\/div>\n\t\t\t<\/li><li class=\"wc-block-grid__product\">\n\t\t\t\t<a href=\"https:\/\/beyondhealthlab.com\/es\/producto\/fortaleza-inmunologica\/\" class=\"wc-block-grid__product-link\">\n\t\t\t\t\t<div class=\"wc-block-grid__product-onsale\">\n\t\t\t<span aria-hidden=\"true\">Oferta<\/span>\n\t\t\t<span class=\"screen-reader-text\">Producto en oferta<\/span>\n\t\t<\/div>\n\t\t\t\t\t<div class=\"wc-block-grid__product-image\"><img decoding=\"async\" width=\"300\" height=\"300\" src=\"https:\/\/beyondhealthlab.com\/wp-content\/uploads\/2026\/03\/peptide-vial-test-48-300x300.png\" class=\"attachment-woocommerce_thumbnail size-woocommerce_thumbnail\" alt=\"Fortaleza Inmunol\u00f3gica\" srcset=\"https:\/\/beyondhealthlab.com\/wp-content\/uploads\/2026\/03\/peptide-vial-test-48-300x300.png 300w, https:\/\/beyondhealthlab.com\/wp-content\/uploads\/2026\/03\/peptide-vial-test-48-150x150.png 150w\" sizes=\"(max-width: 300px) 100vw, 300px\" title=\"\"><\/div>\n\t\t\t\t\t<div class=\"wc-block-grid__product-title\">Fortaleza Inmunol\u00f3gica<\/div>\n\t\t\t\t<\/a>\n\t\t\t\t<div class=\"wc-block-grid__product-price price\"><del aria-hidden=\"true\"><span class=\"woocommerce-Price-amount amount\"><span class=\"woocommerce-Price-currencySymbol\">&#036;<\/span>250.00<\/span><\/del> <span class=\"screen-reader-text\">Original price was: &#036;250.00.<\/span><ins aria-hidden=\"true\"><span class=\"woocommerce-Price-amount amount\"><span class=\"woocommerce-Price-currencySymbol\">&#036;<\/span>220.00<\/span><\/ins><span class=\"screen-reader-text\">Current price is: &#036;220.00.<\/span><\/div>\n\t\t\t\t\n\t\t\t\t<div class=\"wp-block-button wc-block-grid__product-add-to-cart\"><a href=\"\/es\/wp-json\/wp\/v2\/pages\/10202?add-to-cart=12669\" aria-label=\"Add to cart: &ldquo;Fortaleza Inmunol\u00f3gica&rdquo;\" data-quantity=\"1\" data-product_id=\"12669\" data-product_sku=\"STK-IMMFORT\" data-price=\"220\" rel=\"nofollow\" class=\"wp-block-button__link  add_to_cart_button ajax_add_to_cart\">A\u00f1adir al carrito<\/a><\/div>\n\t\t\t<\/li><li class=\"wc-block-grid__product\">\n\t\t\t\t<a href=\"https:\/\/beyondhealthlab.com\/es\/producto\/escudo-cerebral\/\" class=\"wc-block-grid__product-link\">\n\t\t\t\t\t<div class=\"wc-block-grid__product-onsale\">\n\t\t\t<span aria-hidden=\"true\">Oferta<\/span>\n\t\t\t<span class=\"screen-reader-text\">Producto en oferta<\/span>\n\t\t<\/div>\n\t\t\t\t\t<div class=\"wc-block-grid__product-image\"><img decoding=\"async\" width=\"300\" height=\"300\" src=\"https:\/\/beyondhealthlab.com\/wp-content\/uploads\/2026\/03\/peptide-vial-test-46-300x300.png\" class=\"attachment-woocommerce_thumbnail size-woocommerce_thumbnail\" alt=\"Escudo Cerebral\" srcset=\"https:\/\/beyondhealthlab.com\/wp-content\/uploads\/2026\/03\/peptide-vial-test-46-300x300.png 300w, https:\/\/beyondhealthlab.com\/wp-content\/uploads\/2026\/03\/peptide-vial-test-46-150x150.png 150w\" sizes=\"(max-width: 300px) 100vw, 300px\" title=\"\"><\/div>\n\t\t\t\t\t<div class=\"wc-block-grid__product-title\">Escudo Cerebral<\/div>\n\t\t\t\t<\/a>\n\t\t\t\t<div class=\"wc-block-grid__product-price price\"><del aria-hidden=\"true\"><span class=\"woocommerce-Price-amount amount\"><span class=\"woocommerce-Price-currencySymbol\">&#036;<\/span>160.00<\/span><\/del> <span class=\"screen-reader-text\">Original price was: &#036;160.00.<\/span><ins aria-hidden=\"true\"><span class=\"woocommerce-Price-amount amount\"><span class=\"woocommerce-Price-currencySymbol\">&#036;<\/span>145.00<\/span><\/ins><span class=\"screen-reader-text\">Current price is: &#036;145.00.<\/span><\/div>\n\t\t\t\t\n\t\t\t\t<div class=\"wp-block-button wc-block-grid__product-add-to-cart\"><a href=\"\/es\/wp-json\/wp\/v2\/pages\/10202?add-to-cart=12665\" aria-label=\"Add to cart: &ldquo;Escudo Cerebral&rdquo;\" data-quantity=\"1\" data-product_id=\"12665\" data-product_sku=\"STK-BRAINSH\" data-price=\"145\" rel=\"nofollow\" class=\"wp-block-button__link  add_to_cart_button ajax_add_to_cart\">A\u00f1adir al carrito<\/a><\/div>\n\t\t\t<\/li><\/ul><\/div><\/div>\n<\/div>\n","protected":false},"excerpt":{"rendered":"","protected":false},"author":4,"featured_media":0,"parent":0,"menu_order":0,"comment_status":"closed","ping_status":"closed","template":"","meta":{"_monsterinsights_skip_tracking":false,"_monsterinsights_sitenote_active":false,"_monsterinsights_sitenote_note":"","_monsterinsights_sitenote_category":0,"footnotes":"","rank_math_focus_keyword":"Carrito de p\u00e9ptidos seguro","rank_math_title":"Su carrito de p\u00e9ptidos seguro: 100 % listo para pagar","rank_math_description":"Revise su carrito seguro de p\u00e9ptidos en Beyond Health Lab. Prep\u00e1rese para un env\u00edo r\u00e1pido y garantizado de compuestos de investigaci\u00f3n con 99 % de pureza a EE. UU., Canad\u00e1 y M\u00e9xico. ","rank_math_additional_keywords":"","rank_math_canonical_url":"","rank_math_robots":["index"],"rank_math_breadcrumb_title":"","rank_math_facebook_title":"","rank_math_facebook_description":"","rank_math_facebook_image":"","rank_math_facebook_image_id":0,"rank_math_twitter_title":"","rank_math_twitter_description":"","rank_math_twitter_image":"","rank_math_twitter_image_id":0,"rank_math_twitter_card_type":""},"class_list":["post-10202","page","type-page","status-publish","hentry"],"_links":{"self":[{"href":"https:\/\/beyondhealthlab.com\/es\/wp-json\/wp\/v2\/pages\/10202","targetHints":{"allow":["GET"]}}],"collection":[{"href":"https:\/\/beyondhealthlab.com\/es\/wp-json\/wp\/v2\/pages"}],"about":[{"href":"https:\/\/beyondhealthlab.com\/es\/wp-json\/wp\/v2\/types\/page"}],"author":[{"embeddable":true,"href":"https:\/\/beyondhealthlab.com\/es\/wp-json\/wp\/v2\/users\/4"}],"replies":[{"embeddable":true,"href":"https:\/\/beyondhealthlab.com\/es\/wp-json\/wp\/v2\/comments?post=10202"}],"version-history":[{"count":0,"href":"https:\/\/beyondhealthlab.com\/es\/wp-json\/wp\/v2\/pages\/10202\/revisions"}],"wp:attachment":[{"href":"https:\/\/beyondhealthlab.com\/es\/wp-json\/wp\/v2\/media?parent=10202"}],"curies":[{"name":"wp","href":"https:\/\/api.w.org\/{rel}","templated":true}]}}