{"id":12613,"date":"2026-03-15T21:16:44","date_gmt":"2026-03-16T01:16:44","guid":{"rendered":"https:\/\/beyondhealthlab.com\/shop\/metabolic-overdrive-glow-stack-es\/"},"modified":"2026-03-28T15:17:49","modified_gmt":"2026-03-28T19:17:49","slug":"sobremarcha-metabolica-glow","status":"publish","type":"product","link":"https:\/\/beyondhealthlab.com\/es\/producto\/sobremarcha-metabolica-glow\/","title":{"rendered":"Sobremarcha Metab\u00f3lica + GLOW"},"content":{"rendered":"<h2><strong>Stack Metabolic Overdrive + GLOW \u2014 Protocolo Integral Metab\u00f3lico + Regeneraci\u00f3n<\/strong><\/h2>\n<p>El lote definitivo: Retatrutida y MOTS-C para investigaci\u00f3n metab\u00f3lica, m\u00e1s el tr\u00edo GLOW completo (BPC-157, TB-500, GHK-Cu) para la reparaci\u00f3n de tejidos y calidad del col\u00e1geno.<\/p>\n","protected":false},"excerpt":{"rendered":"<p>Retatrutida + MOTS-C + BPC-157 + TB-500 + GHK-Cu \u2014 la optimizaci\u00f3n metab\u00f3lica se une a la reparaci\u00f3n de tejidos.<\/p>\n","protected":false},"featured_media":12612,"comment_status":"open","ping_status":"closed","template":"","meta":{"_monsterinsights_skip_tracking":false,"_monsterinsights_sitenote_active":false,"_monsterinsights_sitenote_note":"","_monsterinsights_sitenote_category":0,"rank_math_focus_keyword":"Metabolic Overdrive, GLOW, Retatrutida, BPC-157, regeneraci\u00f3n","rank_math_title":"Stack Metabolic Overdrive + GLOW | Metabolismo y Regeneraci\u00f3n | BHL","rank_math_description":"Protocolo completo de 5 p\u00e9ptidos para investigaci\u00f3n en metabolismo, salud de la piel y reparaci\u00f3n sist\u00e9mica de tejidos.","rank_math_additional_keywords":"","rank_math_canonical_url":"","rank_math_robots":[],"rank_math_breadcrumb_title":"","rank_math_facebook_title":"","rank_math_facebook_description":"","rank_math_facebook_image":"","rank_math_facebook_image_id":0,"rank_math_twitter_title":"","rank_math_twitter_description":"","rank_math_twitter_image":"","rank_math_twitter_image_id":0,"rank_math_twitter_card_type":""},"product_brand":[],"product_cat":[697],"product_tag":[],"class_list":{"0":"post-12613","1":"product","2":"type-product","3":"status-publish","4":"has-post-thumbnail","6":"product_cat-combinaciones","8":"first","9":"instock","10":"sale","11":"shipping-taxable","12":"purchasable","13":"product-type-simple"},"_links":{"self":[{"href":"https:\/\/beyondhealthlab.com\/es\/wp-json\/wp\/v2\/product\/12613","targetHints":{"allow":["GET"]}}],"collection":[{"href":"https:\/\/beyondhealthlab.com\/es\/wp-json\/wp\/v2\/product"}],"about":[{"href":"https:\/\/beyondhealthlab.com\/es\/wp-json\/wp\/v2\/types\/product"}],"replies":[{"embeddable":true,"href":"https:\/\/beyondhealthlab.com\/es\/wp-json\/wp\/v2\/comments?post=12613"}],"version-history":[{"count":2,"href":"https:\/\/beyondhealthlab.com\/es\/wp-json\/wp\/v2\/product\/12613\/revisions"}],"predecessor-version":[{"id":12970,"href":"https:\/\/beyondhealthlab.com\/es\/wp-json\/wp\/v2\/product\/12613\/revisions\/12970"}],"wp:featuredmedia":[{"embeddable":true,"href":"https:\/\/beyondhealthlab.com\/es\/wp-json\/wp\/v2\/media\/12612"}],"wp:attachment":[{"href":"https:\/\/beyondhealthlab.com\/es\/wp-json\/wp\/v2\/media?parent=12613"}],"wp:term":[{"taxonomy":"product_brand","embeddable":true,"href":"https:\/\/beyondhealthlab.com\/es\/wp-json\/wp\/v2\/product_brand?post=12613"},{"taxonomy":"product_cat","embeddable":true,"href":"https:\/\/beyondhealthlab.com\/es\/wp-json\/wp\/v2\/product_cat?post=12613"},{"taxonomy":"product_tag","embeddable":true,"href":"https:\/\/beyondhealthlab.com\/es\/wp-json\/wp\/v2\/product_tag?post=12613"}],"curies":[{"name":"wp","href":"https:\/\/api.w.org\/{rel}","templated":true}]}}